{"id":9332,"date":"2022-05-03T13:00:15","date_gmt":"2022-05-03T13:00:15","guid":{"rendered":"https:\/\/proxpn.com\/?page_id=9332"},"modified":"2022-06-10T15:06:30","modified_gmt":"2022-06-10T15:06:30","slug":"about","status":"publish","type":"page","link":"https:\/\/proxpn.com\/sv\/om\/","title":{"rendered":"Om"},"content":{"rendered":"<div data-elementor-type=\"wp-page\" data-elementor-id=\"9332\" class=\"elementor elementor-9332\" data-elementor-post-type=\"page\">\n\t\t\t\t\t\t<section class=\"elementor-section elementor-top-section elementor-element elementor-element-5896017 elementor-section-boxed elementor-section-height-default elementor-section-height-default\" data-id=\"5896017\" data-element_type=\"section\" data-settings=\"{&quot;background_background&quot;:&quot;classic&quot;}\">\n\t\t\t\t\t\t<div class=\"elementor-container elementor-column-gap-default\">\n\t\t\t\t\t<div class=\"elementor-column elementor-col-50 elementor-top-column elementor-element elementor-element-ccb7933\" data-id=\"ccb7933\" data-element_type=\"column\">\n\t\t\t<div class=\"elementor-widget-wrap elementor-element-populated\">\n\t\t\t\t\t\t<div class=\"elementor-element elementor-element-421ca21 elementor-widget elementor-widget-heading\" data-id=\"421ca21\" data-element_type=\"widget\" data-widget_type=\"heading.default\">\n\t\t\t\t<div class=\"elementor-widget-container\">\n\t\t\t\t\t<h4 class=\"elementor-heading-title elementor-size-default\">Om oss<\/h4>\t\t\t\t<\/div>\n\t\t\t\t<\/div>\n\t\t\t\t<div class=\"elementor-element elementor-element-5b6fe2d elementor-widget elementor-widget-heading\" data-id=\"5b6fe2d\" data-element_type=\"widget\" data-widget_type=\"heading.default\">\n\t\t\t\t<div class=\"elementor-widget-container\">\n\t\t\t\t\t<h1 class=\"elementor-heading-title elementor-size-default\">Uppdrag<\/h1>\t\t\t\t<\/div>\n\t\t\t\t<\/div>\n\t\t\t\t<div class=\"elementor-element elementor-element-442c4e3 elementor-widget elementor-widget-text-editor\" data-id=\"442c4e3\" data-element_type=\"widget\" data-widget_type=\"text-editor.default\">\n\t\t\t\t<div class=\"elementor-widget-container\">\n\t\t\t\t\t\t\t\t\t<p>P\u00e5 ProXPN.com anser vi att din integritet \u00e4r en stor sak och b\u00f6r f\u00f6rsvaras till varje pris. I en tid d\u00e4r alla dina r\u00f6relser \u00f6vervakas och registreras tillhandah\u00e5ller vi en tj\u00e4nst som g\u00f6r att du kan surfa p\u00e5 internet och anv\u00e4nda onlinetj\u00e4nster utan att vara r\u00e4dd f\u00f6r att bli sp\u00e5rad eller spionerad.<\/p><p>V\u00e5rt unika v\u00e4rdeerbjudande \u00e4r att vi erbjuder en h\u00f6g kunskapsniv\u00e5 om s\u00e4kerhet och integritet. V\u00e5rt uppdrag \u00e4r att \u00e5terf\u00f6ra integritetsskyddet till folket och v\u00e5r vision \u00e4r att skapa en v\u00e4rld d\u00e4r alla kan njuta av f\u00f6rdelarna med integritet p\u00e5 n\u00e4tet utan att kompromissa.<\/p>\t\t\t\t\t\t\t\t<\/div>\n\t\t\t\t<\/div>\n\t\t\t\t\t<\/div>\n\t\t<\/div>\n\t\t\t\t<div class=\"elementor-column elementor-col-50 elementor-top-column elementor-element elementor-element-5fa6b07\" data-id=\"5fa6b07\" data-element_type=\"column\">\n\t\t\t<div class=\"elementor-widget-wrap elementor-element-populated\">\n\t\t\t\t\t\t<div class=\"elementor-element elementor-element-c29abd1 elementor-widget elementor-widget-image\" data-id=\"c29abd1\" data-element_type=\"widget\" data-widget_type=\"image.default\">\n\t\t\t\t<div class=\"elementor-widget-container\">\n\t\t\t\t\t\t\t\t\t\t\t\t\t\t\t<img fetchpriority=\"high\" decoding=\"async\" width=\"1024\" height=\"853\" src=\"https:\/\/proxpn.com\/wp-content\/uploads\/2022\/05\/Group-271-1024x853.png\" class=\"attachment-large size-large wp-image-9340\" alt=\"\" srcset=\"https:\/\/proxpn.com\/wp-content\/uploads\/2022\/05\/Group-271-1024x853.png 1024w, https:\/\/proxpn.com\/wp-content\/uploads\/2022\/05\/Group-271-300x250.png 300w, https:\/\/proxpn.com\/wp-content\/uploads\/2022\/05\/Group-271-768x640.png 768w, https:\/\/proxpn.com\/wp-content\/uploads\/2022\/05\/Group-271-14x12.png 14w, https:\/\/proxpn.com\/wp-content\/uploads\/2022\/05\/Group-271.png 1436w\" sizes=\"(max-width: 1024px) 100vw, 1024px\" \/>\t\t\t\t\t\t\t\t\t\t\t\t\t\t\t<\/div>\n\t\t\t\t<\/div>\n\t\t\t\t\t<\/div>\n\t\t<\/div>\n\t\t\t\t\t<\/div>\n\t\t<\/section>\n\t\t\t\t<section class=\"elementor-section elementor-top-section elementor-element elementor-element-d8eb2e1 elementor-section-boxed elementor-section-height-default elementor-section-height-default\" data-id=\"d8eb2e1\" data-element_type=\"section\">\n\t\t\t\t\t\t<div class=\"elementor-container elementor-column-gap-default\">\n\t\t\t\t\t<div class=\"elementor-column elementor-col-50 elementor-top-column elementor-element elementor-element-1af1e57 elementor-hidden-mobile\" data-id=\"1af1e57\" data-element_type=\"column\">\n\t\t\t<div class=\"elementor-widget-wrap elementor-element-populated\">\n\t\t\t\t\t\t<div class=\"elementor-element elementor-element-3071524 elementor-widget elementor-widget-image\" data-id=\"3071524\" data-element_type=\"widget\" data-widget_type=\"image.default\">\n\t\t\t\t<div class=\"elementor-widget-container\">\n\t\t\t\t\t\t\t\t\t\t\t\t\t\t\t<img decoding=\"async\" width=\"912\" height=\"912\" src=\"https:\/\/proxpn.com\/wp-content\/uploads\/2022\/05\/5b5b61b6c7e8afb27209e28ccbc50436.png\" class=\"attachment-large size-large wp-image-9336\" alt=\"\" srcset=\"https:\/\/proxpn.com\/wp-content\/uploads\/2022\/05\/5b5b61b6c7e8afb27209e28ccbc50436.png 912w, https:\/\/proxpn.com\/wp-content\/uploads\/2022\/05\/5b5b61b6c7e8afb27209e28ccbc50436-300x300.png 300w, https:\/\/proxpn.com\/wp-content\/uploads\/2022\/05\/5b5b61b6c7e8afb27209e28ccbc50436-150x150.png 150w, https:\/\/proxpn.com\/wp-content\/uploads\/2022\/05\/5b5b61b6c7e8afb27209e28ccbc50436-768x768.png 768w, https:\/\/proxpn.com\/wp-content\/uploads\/2022\/05\/5b5b61b6c7e8afb27209e28ccbc50436-12x12.png 12w\" sizes=\"(max-width: 912px) 100vw, 912px\" \/>\t\t\t\t\t\t\t\t\t\t\t\t\t\t\t<\/div>\n\t\t\t\t<\/div>\n\t\t\t\t\t<\/div>\n\t\t<\/div>\n\t\t\t\t<div class=\"elementor-column elementor-col-50 elementor-top-column elementor-element elementor-element-d7adcde\" data-id=\"d7adcde\" data-element_type=\"column\">\n\t\t\t<div class=\"elementor-widget-wrap elementor-element-populated\">\n\t\t\t\t\t\t<div class=\"elementor-element elementor-element-575f9ef elementor-widget elementor-widget-heading\" data-id=\"575f9ef\" data-element_type=\"widget\" data-widget_type=\"heading.default\">\n\t\t\t\t<div class=\"elementor-widget-container\">\n\t\t\t\t\t<h4 class=\"elementor-heading-title elementor-size-default\">Om oss<\/h4>\t\t\t\t<\/div>\n\t\t\t\t<\/div>\n\t\t\t\t<div class=\"elementor-element elementor-element-cefce94 elementor-widget elementor-widget-heading\" data-id=\"cefce94\" data-element_type=\"widget\" data-widget_type=\"heading.default\">\n\t\t\t\t<div class=\"elementor-widget-container\">\n\t\t\t\t\t<h1 class=\"elementor-heading-title elementor-size-default\">Varf\u00f6r?<\/h1>\t\t\t\t<\/div>\n\t\t\t\t<\/div>\n\t\t\t\t<div class=\"elementor-element elementor-element-12022ce elementor-widget elementor-widget-text-editor\" data-id=\"12022ce\" data-element_type=\"widget\" data-widget_type=\"text-editor.default\">\n\t\t\t\t<div class=\"elementor-widget-container\">\n\t\t\t\t\t\t\t\t\t<p>P\u00e5 ProXPN.com anser vi att alla har r\u00e4tt till integritet och skydd av sina personuppgifter. Det \u00e4r d\u00e4rf\u00f6r vi tillhandah\u00e5ller information om VPN-leverant\u00f6rer, integritet online och digital s\u00e4kerhet. V\u00e5rt team \u00e4gnar sig \u00e5t att bedriva forskning, testa s\u00e4kerhetsprogram och skriva guider om hur man anv\u00e4nder internet p\u00e5 ett s\u00e4kert och privat s\u00e4tt. Med v\u00e5r hj\u00e4lp kan du surfa p\u00e5 webben med tillf\u00f6rsikt och veta att dina personuppgifter \u00e4r skyddade.<\/p>\t\t\t\t\t\t\t\t<\/div>\n\t\t\t\t<\/div>\n\t\t\t\t\t<\/div>\n\t\t<\/div>\n\t\t\t\t\t<\/div>\n\t\t<\/section>\n\t\t\t\t<\/div>","protected":false},"excerpt":{"rendered":"<p>Om oss Uppdrag P\u00e5 ProXPN.com anser vi att din integritet \u00e4r en stor sak och b\u00f6r f\u00f6rsvaras till varje pris. I en tid d\u00e4r alla dina r\u00f6relser \u00f6vervakas och registreras tillhandah\u00e5ller vi en tj\u00e4nst som g\u00f6r att du kan surfa p\u00e5 internet och anv\u00e4nda onlinetj\u00e4nster utan att vara r\u00e4dd f\u00f6r att bli sp\u00e5rad eller spionerad. [...]<\/p>","protected":false},"author":2,"featured_media":0,"parent":0,"menu_order":0,"comment_status":"closed","ping_status":"closed","template":"","meta":{"_acf_changed":false,"_lmt_disableupdate":"","_lmt_disable":"","footnotes":""},"class_list":["post-9332","page","type-page","status-publish","hentry"],"acf":[],"_links":{"self":[{"href":"https:\/\/proxpn.com\/sv\/wp-json\/wp\/v2\/pages\/9332","targetHints":{"allow":["GET"]}}],"collection":[{"href":"https:\/\/proxpn.com\/sv\/wp-json\/wp\/v2\/pages"}],"about":[{"href":"https:\/\/proxpn.com\/sv\/wp-json\/wp\/v2\/types\/page"}],"author":[{"embeddable":true,"href":"https:\/\/proxpn.com\/sv\/wp-json\/wp\/v2\/users\/2"}],"replies":[{"embeddable":true,"href":"https:\/\/proxpn.com\/sv\/wp-json\/wp\/v2\/comments?post=9332"}],"version-history":[{"count":53,"href":"https:\/\/proxpn.com\/sv\/wp-json\/wp\/v2\/pages\/9332\/revisions"}],"predecessor-version":[{"id":10602,"href":"https:\/\/proxpn.com\/sv\/wp-json\/wp\/v2\/pages\/9332\/revisions\/10602"}],"wp:attachment":[{"href":"https:\/\/proxpn.com\/sv\/wp-json\/wp\/v2\/media?parent=9332"}],"curies":[{"name":"wp","href":"https:\/\/api.w.org\/{rel}","templated":true}]}}