{"id":9332,"date":"2022-05-03T13:00:15","date_gmt":"2022-05-03T13:00:15","guid":{"rendered":"https:\/\/proxpn.com\/?page_id=9332"},"modified":"2022-06-10T15:06:30","modified_gmt":"2022-06-10T15:06:30","slug":"about","status":"publish","type":"page","link":"https:\/\/proxpn.com\/da\/om\/","title":{"rendered":"Om"},"content":{"rendered":"<div data-elementor-type=\"wp-page\" data-elementor-id=\"9332\" class=\"elementor elementor-9332\" data-elementor-post-type=\"page\">\n\t\t\t\t\t\t<section class=\"elementor-section elementor-top-section elementor-element elementor-element-5896017 elementor-section-boxed elementor-section-height-default elementor-section-height-default\" data-id=\"5896017\" data-element_type=\"section\" data-settings=\"{&quot;background_background&quot;:&quot;classic&quot;}\">\n\t\t\t\t\t\t<div class=\"elementor-container elementor-column-gap-default\">\n\t\t\t\t\t<div class=\"elementor-column elementor-col-50 elementor-top-column elementor-element elementor-element-ccb7933\" data-id=\"ccb7933\" data-element_type=\"column\">\n\t\t\t<div class=\"elementor-widget-wrap elementor-element-populated\">\n\t\t\t\t\t\t<div class=\"elementor-element elementor-element-421ca21 elementor-widget elementor-widget-heading\" data-id=\"421ca21\" data-element_type=\"widget\" data-widget_type=\"heading.default\">\n\t\t\t\t<div class=\"elementor-widget-container\">\n\t\t\t\t\t<h4 class=\"elementor-heading-title elementor-size-default\">Om os<\/h4>\t\t\t\t<\/div>\n\t\t\t\t<\/div>\n\t\t\t\t<div class=\"elementor-element elementor-element-5b6fe2d elementor-widget elementor-widget-heading\" data-id=\"5b6fe2d\" data-element_type=\"widget\" data-widget_type=\"heading.default\">\n\t\t\t\t<div class=\"elementor-widget-container\">\n\t\t\t\t\t<h1 class=\"elementor-heading-title elementor-size-default\">Mission<\/h1>\t\t\t\t<\/div>\n\t\t\t\t<\/div>\n\t\t\t\t<div class=\"elementor-element elementor-element-442c4e3 elementor-widget elementor-widget-text-editor\" data-id=\"442c4e3\" data-element_type=\"widget\" data-widget_type=\"text-editor.default\">\n\t\t\t\t<div class=\"elementor-widget-container\">\n\t\t\t\t\t\t\t\t\t<p>Hos ProXPN.com mener vi, at dit privatliv er en stor ting, og at det b\u00f8r beskyttes for enhver pris. I en tid, hvor alle dine bev\u00e6gelser overv\u00e5ges og registreres, tilbyder vi en service, der g\u00f8r det muligt for dig at surfe p\u00e5 internettet og bruge onlinetjenester uden frygt for at blive sporet eller udspioneret.<\/p><p>Vores unikke v\u00e6rditilbud er, at vi tilbyder et h\u00f8jt niveau af viden om sikkerhed og privatlivets fred. Vores mission er at give folk magten over privatlivets fred tilbage i deres h\u00e6nder, og vores vision er at skabe en verden, hvor alle kan nyde godt af fordelene ved privatlivets fred online uden at g\u00e5 p\u00e5 kompromis.<\/p>\t\t\t\t\t\t\t\t<\/div>\n\t\t\t\t<\/div>\n\t\t\t\t\t<\/div>\n\t\t<\/div>\n\t\t\t\t<div class=\"elementor-column elementor-col-50 elementor-top-column elementor-element elementor-element-5fa6b07\" data-id=\"5fa6b07\" data-element_type=\"column\">\n\t\t\t<div class=\"elementor-widget-wrap elementor-element-populated\">\n\t\t\t\t\t\t<div class=\"elementor-element elementor-element-c29abd1 elementor-widget elementor-widget-image\" data-id=\"c29abd1\" data-element_type=\"widget\" data-widget_type=\"image.default\">\n\t\t\t\t<div class=\"elementor-widget-container\">\n\t\t\t\t\t\t\t\t\t\t\t\t\t\t\t<img fetchpriority=\"high\" decoding=\"async\" width=\"1024\" height=\"853\" src=\"https:\/\/proxpn.com\/wp-content\/uploads\/2022\/05\/Group-271-1024x853.png\" class=\"attachment-large size-large wp-image-9340\" alt=\"\" srcset=\"https:\/\/proxpn.com\/wp-content\/uploads\/2022\/05\/Group-271-1024x853.png 1024w, https:\/\/proxpn.com\/wp-content\/uploads\/2022\/05\/Group-271-300x250.png 300w, https:\/\/proxpn.com\/wp-content\/uploads\/2022\/05\/Group-271-768x640.png 768w, https:\/\/proxpn.com\/wp-content\/uploads\/2022\/05\/Group-271-14x12.png 14w, https:\/\/proxpn.com\/wp-content\/uploads\/2022\/05\/Group-271.png 1436w\" sizes=\"(max-width: 1024px) 100vw, 1024px\" \/>\t\t\t\t\t\t\t\t\t\t\t\t\t\t\t<\/div>\n\t\t\t\t<\/div>\n\t\t\t\t\t<\/div>\n\t\t<\/div>\n\t\t\t\t\t<\/div>\n\t\t<\/section>\n\t\t\t\t<section class=\"elementor-section elementor-top-section elementor-element elementor-element-d8eb2e1 elementor-section-boxed elementor-section-height-default elementor-section-height-default\" data-id=\"d8eb2e1\" data-element_type=\"section\">\n\t\t\t\t\t\t<div class=\"elementor-container elementor-column-gap-default\">\n\t\t\t\t\t<div class=\"elementor-column elementor-col-50 elementor-top-column elementor-element elementor-element-1af1e57 elementor-hidden-mobile\" data-id=\"1af1e57\" data-element_type=\"column\">\n\t\t\t<div class=\"elementor-widget-wrap elementor-element-populated\">\n\t\t\t\t\t\t<div class=\"elementor-element elementor-element-3071524 elementor-widget elementor-widget-image\" data-id=\"3071524\" data-element_type=\"widget\" data-widget_type=\"image.default\">\n\t\t\t\t<div class=\"elementor-widget-container\">\n\t\t\t\t\t\t\t\t\t\t\t\t\t\t\t<img decoding=\"async\" width=\"912\" height=\"912\" src=\"https:\/\/proxpn.com\/wp-content\/uploads\/2022\/05\/5b5b61b6c7e8afb27209e28ccbc50436.png\" class=\"attachment-large size-large wp-image-9336\" alt=\"\" srcset=\"https:\/\/proxpn.com\/wp-content\/uploads\/2022\/05\/5b5b61b6c7e8afb27209e28ccbc50436.png 912w, https:\/\/proxpn.com\/wp-content\/uploads\/2022\/05\/5b5b61b6c7e8afb27209e28ccbc50436-300x300.png 300w, https:\/\/proxpn.com\/wp-content\/uploads\/2022\/05\/5b5b61b6c7e8afb27209e28ccbc50436-150x150.png 150w, https:\/\/proxpn.com\/wp-content\/uploads\/2022\/05\/5b5b61b6c7e8afb27209e28ccbc50436-768x768.png 768w, https:\/\/proxpn.com\/wp-content\/uploads\/2022\/05\/5b5b61b6c7e8afb27209e28ccbc50436-12x12.png 12w\" sizes=\"(max-width: 912px) 100vw, 912px\" \/>\t\t\t\t\t\t\t\t\t\t\t\t\t\t\t<\/div>\n\t\t\t\t<\/div>\n\t\t\t\t\t<\/div>\n\t\t<\/div>\n\t\t\t\t<div class=\"elementor-column elementor-col-50 elementor-top-column elementor-element elementor-element-d7adcde\" data-id=\"d7adcde\" data-element_type=\"column\">\n\t\t\t<div class=\"elementor-widget-wrap elementor-element-populated\">\n\t\t\t\t\t\t<div class=\"elementor-element elementor-element-575f9ef elementor-widget elementor-widget-heading\" data-id=\"575f9ef\" data-element_type=\"widget\" data-widget_type=\"heading.default\">\n\t\t\t\t<div class=\"elementor-widget-container\">\n\t\t\t\t\t<h4 class=\"elementor-heading-title elementor-size-default\">Om os<\/h4>\t\t\t\t<\/div>\n\t\t\t\t<\/div>\n\t\t\t\t<div class=\"elementor-element elementor-element-cefce94 elementor-widget elementor-widget-heading\" data-id=\"cefce94\" data-element_type=\"widget\" data-widget_type=\"heading.default\">\n\t\t\t\t<div class=\"elementor-widget-container\">\n\t\t\t\t\t<h1 class=\"elementor-heading-title elementor-size-default\">Hvorfor?<\/h1>\t\t\t\t<\/div>\n\t\t\t\t<\/div>\n\t\t\t\t<div class=\"elementor-element elementor-element-12022ce elementor-widget elementor-widget-text-editor\" data-id=\"12022ce\" data-element_type=\"widget\" data-widget_type=\"text-editor.default\">\n\t\t\t\t<div class=\"elementor-widget-container\">\n\t\t\t\t\t\t\t\t\t<p>Hos ProXPN.com mener vi, at alle har ret til privatlivets fred og beskyttelse af deres personlige data. Derfor giver vi oplysninger om VPN-udbydere, online privatliv og digital sikkerhed. Vores team er dedikeret til at udf\u00f8re forskning, teste sikkerhedssoftware og skrive vejledninger om, hvordan man bruger internettet sikkert og privat. Med vores hj\u00e6lp kan du surfe p\u00e5 nettet med tillid til at vide, at dine personlige data er beskyttet.<\/p>\t\t\t\t\t\t\t\t<\/div>\n\t\t\t\t<\/div>\n\t\t\t\t\t<\/div>\n\t\t<\/div>\n\t\t\t\t\t<\/div>\n\t\t<\/section>\n\t\t\t\t<\/div>","protected":false},"excerpt":{"rendered":"<p>Om os Mission Hos ProXPN.com mener vi, at dit privatliv er en stor ting, og at det b\u00f8r beskyttes for enhver pris. I en tid, hvor alle dine bev\u00e6gelser overv\u00e5ges og registreres, tilbyder vi en service, der g\u00f8r det muligt for dig at surfe p\u00e5 internettet og bruge onlinetjenester uden frygt for at blive sporet eller udspioneret. [...]<\/p>","protected":false},"author":2,"featured_media":0,"parent":0,"menu_order":0,"comment_status":"closed","ping_status":"closed","template":"","meta":{"_acf_changed":false,"_lmt_disableupdate":"","_lmt_disable":"","footnotes":""},"class_list":["post-9332","page","type-page","status-publish","hentry"],"acf":[],"_links":{"self":[{"href":"https:\/\/proxpn.com\/da\/wp-json\/wp\/v2\/pages\/9332","targetHints":{"allow":["GET"]}}],"collection":[{"href":"https:\/\/proxpn.com\/da\/wp-json\/wp\/v2\/pages"}],"about":[{"href":"https:\/\/proxpn.com\/da\/wp-json\/wp\/v2\/types\/page"}],"author":[{"embeddable":true,"href":"https:\/\/proxpn.com\/da\/wp-json\/wp\/v2\/users\/2"}],"replies":[{"embeddable":true,"href":"https:\/\/proxpn.com\/da\/wp-json\/wp\/v2\/comments?post=9332"}],"version-history":[{"count":53,"href":"https:\/\/proxpn.com\/da\/wp-json\/wp\/v2\/pages\/9332\/revisions"}],"predecessor-version":[{"id":10602,"href":"https:\/\/proxpn.com\/da\/wp-json\/wp\/v2\/pages\/9332\/revisions\/10602"}],"wp:attachment":[{"href":"https:\/\/proxpn.com\/da\/wp-json\/wp\/v2\/media?parent=9332"}],"curies":[{"name":"wp","href":"https:\/\/api.w.org\/{rel}","templated":true}]}}